{"id":1906,"date":"2024-06-17T04:16:16","date_gmt":"2024-06-17T02:16:16","guid":{"rendered":"https:\/\/personligtfallskydd.se\/?post_type=product&#038;p=1906"},"modified":"2026-04-27T08:59:21","modified_gmt":"2026-04-27T06:59:21","slug":"dbi-sala-nano-loco-2-m-multiple-hook-options","status":"publish","type":"product","link":"https:\/\/personligtfallskydd.se\/en\/produkt\/dbi-sala-nano-lok-2-m-flera-krokalternativ\/","title":{"rendered":"DBI-SALA\u00ae Nano-Lok\u2122 2 m \u2013 flera krokalternativ"},"excerpt":{"rendered":"Nano-Lok\u2122 \u00e4r ergonomiskt utformad f\u00f6r l\u00e4tt anv\u00e4ndning och \u00e4r idealisk f\u00f6r direkt anslutning till de flesta selar.","protected":false},"featured_media":1503,"template":"","meta":{"_acf_changed":false},"product_brand":[423],"product_cat":[69,22],"product_tag":[],"class_list":{"0":"post-1906","1":"product","2":"type-product","3":"status-publish","4":"has-post-thumbnail","6":"product_brand-dbi-sala","7":"product_cat-bandblock","8":"product_cat-utforsaljning","10":"first","11":"instock","12":"sale","13":"taxable","14":"shipping-taxable","15":"purchasable","16":"product-type-variable","17":"has-default-attributes","18":"add-to-wishlist-after_add_to_cart"},"acf":[],"_links":{"self":[{"href":"https:\/\/personligtfallskydd.se\/wp-json\/wp\/v2\/product\/1906","targetHints":{"allow":["GET"]}}],"collection":[{"href":"https:\/\/personligtfallskydd.se\/wp-json\/wp\/v2\/product"}],"about":[{"href":"https:\/\/personligtfallskydd.se\/wp-json\/wp\/v2\/types\/product"}],"wp:featuredmedia":[{"embeddable":true,"href":"https:\/\/personligtfallskydd.se\/wp-json\/wp\/v2\/media\/1503"}],"wp:attachment":[{"href":"https:\/\/personligtfallskydd.se\/wp-json\/wp\/v2\/media?parent=1906"}],"wp:term":[{"taxonomy":"product_brand","embeddable":true,"href":"https:\/\/personligtfallskydd.se\/wp-json\/wp\/v2\/product_brand?post=1906"},{"taxonomy":"product_cat","embeddable":true,"href":"https:\/\/personligtfallskydd.se\/wp-json\/wp\/v2\/product_cat?post=1906"},{"taxonomy":"product_tag","embeddable":true,"href":"https:\/\/personligtfallskydd.se\/wp-json\/wp\/v2\/product_tag?post=1906"}],"curies":[{"name":"wp","href":"https:\/\/api.w.org\/{rel}","templated":true}]}}