{"id":1904,"date":"2024-06-17T04:16:05","date_gmt":"2024-06-17T02:16:05","guid":{"rendered":"https:\/\/personligtfallskydd.se\/?post_type=product&#038;p=1904"},"modified":"2025-04-04T15:39:27","modified_gmt":"2025-04-04T13:39:27","slug":"dbi-sala-lift-18-and-36-metres","status":"publish","type":"product","link":"https:\/\/personligtfallskydd.se\/en\/produkt\/dbi-sala-lift-18-och-36-meter\/","title":{"rendered":"DBI-SALA\u00ae Lift 18 och 36 meter"},"excerpt":{"rendered":"Till\u00e5ten f\u00f6r b\u00e5de person\u2013 och materiallyft.","protected":false},"featured_media":1388,"template":"","meta":{"_acf_changed":false},"product_brand":[423],"product_cat":[79,74],"product_tag":[31],"class_list":{"0":"post-1904","1":"product","2":"type-product","3":"status-publish","4":"has-post-thumbnail","6":"product_brand-dbi-sala","7":"product_cat-tillbehor-tripoder-daviter","8":"product_cat-vajervinschar","9":"product_tag-slutna-utrymmen","11":"first","12":"onbackorder","13":"taxable","14":"shipping-taxable","15":"purchasable","16":"product-type-variable","17":"has-default-attributes","18":"add-to-wishlist-after_add_to_cart"},"acf":[],"_links":{"self":[{"href":"https:\/\/personligtfallskydd.se\/wp-json\/wp\/v2\/product\/1904","targetHints":{"allow":["GET"]}}],"collection":[{"href":"https:\/\/personligtfallskydd.se\/wp-json\/wp\/v2\/product"}],"about":[{"href":"https:\/\/personligtfallskydd.se\/wp-json\/wp\/v2\/types\/product"}],"wp:featuredmedia":[{"embeddable":true,"href":"https:\/\/personligtfallskydd.se\/wp-json\/wp\/v2\/media\/1388"}],"wp:attachment":[{"href":"https:\/\/personligtfallskydd.se\/wp-json\/wp\/v2\/media?parent=1904"}],"wp:term":[{"taxonomy":"product_brand","embeddable":true,"href":"https:\/\/personligtfallskydd.se\/wp-json\/wp\/v2\/product_brand?post=1904"},{"taxonomy":"product_cat","embeddable":true,"href":"https:\/\/personligtfallskydd.se\/wp-json\/wp\/v2\/product_cat?post=1904"},{"taxonomy":"product_tag","embeddable":true,"href":"https:\/\/personligtfallskydd.se\/wp-json\/wp\/v2\/product_tag?post=1904"}],"curies":[{"name":"wp","href":"https:\/\/api.w.org\/{rel}","templated":true}]}}