{"id":1828,"date":"2024-06-17T04:14:26","date_gmt":"2024-06-17T02:14:26","guid":{"rendered":"https:\/\/personligtfallskydd.se\/?post_type=product&#038;p=1828"},"modified":"2026-04-01T17:25:00","modified_gmt":"2026-04-01T15:25:00","slug":"s-tec-en-forcer","status":"publish","type":"product","link":"https:\/\/personligtfallskydd.se\/en\/produkt\/s-tec-en-forcer\/","title":{"rendered":"S-tec EN Forcer back-up device"},"excerpt":{"rendered":"Denna artikel f\u00e5r endast anv\u00e4ndas med en oval karbin med en storlek av 10mm.;Denna artikel f\u00e5r endast anv\u00e4ndas med en oval karbin med en storlek av 10mm.;Denna artikel f\u00e5r endast anv\u00e4ndas med en oval karbin med en storlek av 10mm.","protected":false},"featured_media":1591,"template":"","meta":{"_acf_changed":false},"product_brand":[436],"product_cat":[88],"product_tag":[],"class_list":{"0":"post-1828","1":"product","2":"type-product","3":"status-publish","4":"has-post-thumbnail","6":"product_brand-s-tec","7":"product_cat-repklammor-glidlas","9":"first","10":"instock","11":"taxable","12":"shipping-taxable","13":"purchasable","14":"product-type-simple","15":"add-to-wishlist-after_add_to_cart"},"acf":[],"_links":{"self":[{"href":"https:\/\/personligtfallskydd.se\/en\/wp-json\/wp\/v2\/product\/1828","targetHints":{"allow":["GET"]}}],"collection":[{"href":"https:\/\/personligtfallskydd.se\/en\/wp-json\/wp\/v2\/product"}],"about":[{"href":"https:\/\/personligtfallskydd.se\/en\/wp-json\/wp\/v2\/types\/product"}],"wp:featuredmedia":[{"embeddable":true,"href":"https:\/\/personligtfallskydd.se\/en\/wp-json\/wp\/v2\/media\/1591"}],"wp:attachment":[{"href":"https:\/\/personligtfallskydd.se\/en\/wp-json\/wp\/v2\/media?parent=1828"}],"wp:term":[{"taxonomy":"product_brand","embeddable":true,"href":"https:\/\/personligtfallskydd.se\/en\/wp-json\/wp\/v2\/product_brand?post=1828"},{"taxonomy":"product_cat","embeddable":true,"href":"https:\/\/personligtfallskydd.se\/en\/wp-json\/wp\/v2\/product_cat?post=1828"},{"taxonomy":"product_tag","embeddable":true,"href":"https:\/\/personligtfallskydd.se\/en\/wp-json\/wp\/v2\/product_tag?post=1828"}],"curies":[{"name":"wp","href":"https:\/\/api.w.org\/{rel}","templated":true}]}}