{"id":1817,"date":"2024-06-17T04:14:07","date_gmt":"2024-06-17T02:14:07","guid":{"rendered":"https:\/\/personligtfallskydd.se\/?post_type=product&#038;p=1817"},"modified":"2026-04-27T08:50:30","modified_gmt":"2026-04-27T06:50:30","slug":"python-safety-quick-wrap-tape","status":"publish","type":"product","link":"https:\/\/personligtfallskydd.se\/en\/produkt\/python-safety-quick-wrap-tape\/","title":{"rendered":"Python Safety Quick Wrap Tape"},"excerpt":{"rendered":"F\u00f6ljer formen av det den viras runt. Anv\u00e4nds med Python Safety D-rings och Tool Chinch. Gjord av Silicon och har inre fiberglasn\u00e4t som g\u00f6r det starkare och klarar av vassa saker.;F\u00f6ljer formen av det den viras runt. Anv\u00e4nds med Python Safety D-rings och Tool Chinch. Gjord av Silicon och har inre fiberglasn\u00e4t som g\u00f6r det &#8230;","protected":false},"featured_media":1453,"template":"","meta":{"_acf_changed":false},"product_brand":[426],"product_cat":[80],"product_tag":[],"class_list":{"0":"post-1817","1":"product","2":"type-product","3":"status-publish","4":"has-post-thumbnail","6":"product_brand-python-safety","7":"product_cat-verktygssakring","9":"first","10":"instock","11":"taxable","12":"shipping-taxable","13":"purchasable","14":"product-type-simple","15":"add-to-wishlist-after_add_to_cart"},"acf":[],"_links":{"self":[{"href":"https:\/\/personligtfallskydd.se\/en\/wp-json\/wp\/v2\/product\/1817","targetHints":{"allow":["GET"]}}],"collection":[{"href":"https:\/\/personligtfallskydd.se\/en\/wp-json\/wp\/v2\/product"}],"about":[{"href":"https:\/\/personligtfallskydd.se\/en\/wp-json\/wp\/v2\/types\/product"}],"wp:featuredmedia":[{"embeddable":true,"href":"https:\/\/personligtfallskydd.se\/en\/wp-json\/wp\/v2\/media\/1453"}],"wp:attachment":[{"href":"https:\/\/personligtfallskydd.se\/en\/wp-json\/wp\/v2\/media?parent=1817"}],"wp:term":[{"taxonomy":"product_brand","embeddable":true,"href":"https:\/\/personligtfallskydd.se\/en\/wp-json\/wp\/v2\/product_brand?post=1817"},{"taxonomy":"product_cat","embeddable":true,"href":"https:\/\/personligtfallskydd.se\/en\/wp-json\/wp\/v2\/product_cat?post=1817"},{"taxonomy":"product_tag","embeddable":true,"href":"https:\/\/personligtfallskydd.se\/en\/wp-json\/wp\/v2\/product_tag?post=1817"}],"curies":[{"name":"wp","href":"https:\/\/api.w.org\/{rel}","templated":true}]}}