{"id":1786,"date":"2024-06-17T04:13:34","date_gmt":"2024-06-17T02:13:34","guid":{"rendered":"https:\/\/personligtfallskydd.se\/?post_type=product&#038;p=1786"},"modified":"2026-04-27T08:51:58","modified_gmt":"2026-04-27T06:51:58","slug":"petzl-oxan-screw-carbine","status":"publish","type":"product","link":"https:\/\/personligtfallskydd.se\/en\/produkt\/petzl-oxan-skruvkarbin\/","title":{"rendered":"Petzl Oxan &#8211; skruvkarbin"},"excerpt":{"rendered":"oval st\u00e5lkarbin anpassad f\u00f6r h\u00e5rda f\u00f6rh\u00e5llanden. Extra l\u00e4mplig som toppankare och d\u00e4r repet l\u00f6per ingen karbinen mycket. Keylock System f\u00f6r att undvika att saker fastnar i karbinen vid \u00f6ppning och st\u00e4ngning. R\u00f6d f\u00e4rgindikation ger en visuell varning n\u00e4r karbinen \u00e4r ol\u00e5st. Tillverkad av st\u00e5l. Vikt: 195 g Grind\u00f6ppning: 21 mm Maxbelastning: L\u00e4ngsg\u00e5ende: 27 kN. L\u00e4ngsg\u00e5ende, &#8230;","protected":false},"featured_media":1288,"template":"","meta":{"_acf_changed":false},"product_brand":[387],"product_cat":[84],"product_tag":[],"class_list":{"0":"post-1786","1":"product","2":"type-product","3":"status-publish","4":"has-post-thumbnail","6":"product_brand-petzl","7":"product_cat-karbiner","9":"first","10":"instock","11":"taxable","12":"shipping-taxable","13":"purchasable","14":"product-type-simple","15":"add-to-wishlist-after_add_to_cart"},"acf":[],"_links":{"self":[{"href":"https:\/\/personligtfallskydd.se\/wp-json\/wp\/v2\/product\/1786","targetHints":{"allow":["GET"]}}],"collection":[{"href":"https:\/\/personligtfallskydd.se\/wp-json\/wp\/v2\/product"}],"about":[{"href":"https:\/\/personligtfallskydd.se\/wp-json\/wp\/v2\/types\/product"}],"wp:featuredmedia":[{"embeddable":true,"href":"https:\/\/personligtfallskydd.se\/wp-json\/wp\/v2\/media\/1288"}],"wp:attachment":[{"href":"https:\/\/personligtfallskydd.se\/wp-json\/wp\/v2\/media?parent=1786"}],"wp:term":[{"taxonomy":"product_brand","embeddable":true,"href":"https:\/\/personligtfallskydd.se\/wp-json\/wp\/v2\/product_brand?post=1786"},{"taxonomy":"product_cat","embeddable":true,"href":"https:\/\/personligtfallskydd.se\/wp-json\/wp\/v2\/product_cat?post=1786"},{"taxonomy":"product_tag","embeddable":true,"href":"https:\/\/personligtfallskydd.se\/wp-json\/wp\/v2\/product_tag?post=1786"}],"curies":[{"name":"wp","href":"https:\/\/api.w.org\/{rel}","templated":true}]}}