{"id":1775,"date":"2024-06-17T04:13:14","date_gmt":"2024-06-17T02:13:14","guid":{"rendered":"https:\/\/personligtfallskydd.se\/?post_type=product&#038;p=1775"},"modified":"2026-04-27T08:52:14","modified_gmt":"2026-04-27T06:52:14","slug":"petzl-go-quick-release","status":"publish","type":"product","link":"https:\/\/personligtfallskydd.se\/en\/produkt\/petzl-go-snabblank\/","title":{"rendered":"Petzl GO snabbl\u00e4nk"},"excerpt":{"rendered":"Petzl GO snabbl\u00e4nk Oval snabbl\u00e4nk i st\u00e5l med stor grind\u00f6ppning. Fakta Vikt: 60 g Grind\u00f6ppning: 16 mm Brottsstyrka st\u00e4ngd grind: 25 kN Material: st\u00e5l Garanti: 3 \u00e5r Standard: CE EN 362 type Q, CE EN 12275;Petzl GO snabbl\u00e4nk Oval snabbl\u00e4nk i st\u00e5l med stor grind\u00f6ppning. Fakta Vikt: 60 g Grind\u00f6ppning: 16 mm Brottsstyrka st\u00e4ngd grind: &#8230;","protected":false},"featured_media":1436,"template":"","meta":{"_acf_changed":false},"product_brand":[387],"product_cat":[84],"product_tag":[],"class_list":{"0":"post-1775","1":"product","2":"type-product","3":"status-publish","4":"has-post-thumbnail","6":"product_brand-petzl","7":"product_cat-karbiner","9":"first","10":"instock","11":"taxable","12":"shipping-taxable","13":"purchasable","14":"product-type-simple","15":"add-to-wishlist-after_add_to_cart"},"acf":[],"_links":{"self":[{"href":"https:\/\/personligtfallskydd.se\/wp-json\/wp\/v2\/product\/1775","targetHints":{"allow":["GET"]}}],"collection":[{"href":"https:\/\/personligtfallskydd.se\/wp-json\/wp\/v2\/product"}],"about":[{"href":"https:\/\/personligtfallskydd.se\/wp-json\/wp\/v2\/types\/product"}],"wp:featuredmedia":[{"embeddable":true,"href":"https:\/\/personligtfallskydd.se\/wp-json\/wp\/v2\/media\/1436"}],"wp:attachment":[{"href":"https:\/\/personligtfallskydd.se\/wp-json\/wp\/v2\/media?parent=1775"}],"wp:term":[{"taxonomy":"product_brand","embeddable":true,"href":"https:\/\/personligtfallskydd.se\/wp-json\/wp\/v2\/product_brand?post=1775"},{"taxonomy":"product_cat","embeddable":true,"href":"https:\/\/personligtfallskydd.se\/wp-json\/wp\/v2\/product_cat?post=1775"},{"taxonomy":"product_tag","embeddable":true,"href":"https:\/\/personligtfallskydd.se\/wp-json\/wp\/v2\/product_tag?post=1775"}],"curies":[{"name":"wp","href":"https:\/\/api.w.org\/{rel}","templated":true}]}}