{"id":1770,"date":"2024-06-17T04:13:13","date_gmt":"2024-06-17T02:13:13","guid":{"rendered":"https:\/\/personligtfallskydd.se\/?post_type=product&#038;p=1770"},"modified":"2026-04-01T17:19:11","modified_gmt":"2026-04-01T15:19:11","slug":"petzl-eclipse-reppase-for-kastrep","status":"publish","type":"product","link":"https:\/\/personligtfallskydd.se\/en\/produkt\/petzl-eclipse-reppase-for-kastrep\/","title":{"rendered":"Petzl Eclipse rope bag for throwing rope"},"excerpt":{"rendered":"F\u00f6rvaring f\u00f6r kastlinor. Dubbel botten och vid \u00f6ppning. Fakta: F\u00e4rg:gul\/svart Vikt: 500g;F\u00f6rvaring f\u00f6r kastlinor. Dubbel botten och vid \u00f6ppning. Fakta: F\u00e4rg:gul\/svart Vikt: 500g;F\u00f6rvaring f\u00f6r kastlinor. Dubbel botten och vid \u00f6ppning. Fakta: F\u00e4rg:gul\/svart Vikt: 500g;F\u00f6rvaring f\u00f6r kastlinor. Dubbel botten och vid \u00f6ppning. Fakta: F\u00e4rg:gul\/svart Vikt: 500g","protected":false},"featured_media":1593,"template":"","meta":{"_acf_changed":false},"product_brand":[387],"product_cat":[82],"product_tag":[],"class_list":{"0":"post-1770","1":"product","2":"type-product","3":"status-publish","4":"has-post-thumbnail","6":"product_brand-petzl","7":"product_cat-vaskor-hoghojdsarbete","9":"first","10":"onbackorder","11":"taxable","12":"shipping-taxable","13":"purchasable","14":"product-type-simple","15":"add-to-wishlist-after_add_to_cart"},"acf":[],"_links":{"self":[{"href":"https:\/\/personligtfallskydd.se\/en\/wp-json\/wp\/v2\/product\/1770","targetHints":{"allow":["GET"]}}],"collection":[{"href":"https:\/\/personligtfallskydd.se\/en\/wp-json\/wp\/v2\/product"}],"about":[{"href":"https:\/\/personligtfallskydd.se\/en\/wp-json\/wp\/v2\/types\/product"}],"wp:featuredmedia":[{"embeddable":true,"href":"https:\/\/personligtfallskydd.se\/en\/wp-json\/wp\/v2\/media\/1593"}],"wp:attachment":[{"href":"https:\/\/personligtfallskydd.se\/en\/wp-json\/wp\/v2\/media?parent=1770"}],"wp:term":[{"taxonomy":"product_brand","embeddable":true,"href":"https:\/\/personligtfallskydd.se\/en\/wp-json\/wp\/v2\/product_brand?post=1770"},{"taxonomy":"product_cat","embeddable":true,"href":"https:\/\/personligtfallskydd.se\/en\/wp-json\/wp\/v2\/product_cat?post=1770"},{"taxonomy":"product_tag","embeddable":true,"href":"https:\/\/personligtfallskydd.se\/en\/wp-json\/wp\/v2\/product_tag?post=1770"}],"curies":[{"name":"wp","href":"https:\/\/api.w.org\/{rel}","templated":true}]}}