{"id":1745,"date":"2024-06-17T04:12:34","date_gmt":"2024-06-17T02:12:34","guid":{"rendered":"https:\/\/personligtfallskydd.se\/?post_type=product&#038;p=1745"},"modified":"2026-04-01T17:09:16","modified_gmt":"2026-04-01T15:09:16","slug":"connecting-cable-for-confined-spaces","status":"publish","type":"product","link":"https:\/\/personligtfallskydd.se\/en\/produkt\/kopplingslina-for-tranga-utrymmen\/","title":{"rendered":"Catenary for confined spaces"},"excerpt":{"rendered":"kopplingslina f\u00f6r tr\u00e5nga utrymmen. anv\u00e4nds med sala delta rescue sele (1112903);kopplingslina f\u00f6r tr\u00e5nga utrymmen. anv\u00e4nds med sala delta rescue sele (1112903);kopplingslina f\u00f6r tr\u00e5nga utrymmen. anv\u00e4nds med sala delta rescue sele (1112903)","protected":false},"featured_media":1353,"template":"","meta":{"_acf_changed":false},"product_brand":[423],"product_cat":[71,67],"product_tag":[],"class_list":{"0":"post-1745","1":"product","2":"type-product","3":"status-publish","4":"has-post-thumbnail","6":"product_brand-dbi-sala","7":"product_cat-tillbehor-fallskyddsblock","8":"product_cat-tillbehor-fallskyddsselar","10":"first","11":"instock","12":"taxable","13":"shipping-taxable","14":"purchasable","15":"product-type-simple","16":"add-to-wishlist-after_add_to_cart"},"acf":[],"_links":{"self":[{"href":"https:\/\/personligtfallskydd.se\/en\/wp-json\/wp\/v2\/product\/1745","targetHints":{"allow":["GET"]}}],"collection":[{"href":"https:\/\/personligtfallskydd.se\/en\/wp-json\/wp\/v2\/product"}],"about":[{"href":"https:\/\/personligtfallskydd.se\/en\/wp-json\/wp\/v2\/types\/product"}],"wp:featuredmedia":[{"embeddable":true,"href":"https:\/\/personligtfallskydd.se\/en\/wp-json\/wp\/v2\/media\/1353"}],"wp:attachment":[{"href":"https:\/\/personligtfallskydd.se\/en\/wp-json\/wp\/v2\/media?parent=1745"}],"wp:term":[{"taxonomy":"product_brand","embeddable":true,"href":"https:\/\/personligtfallskydd.se\/en\/wp-json\/wp\/v2\/product_brand?post=1745"},{"taxonomy":"product_cat","embeddable":true,"href":"https:\/\/personligtfallskydd.se\/en\/wp-json\/wp\/v2\/product_cat?post=1745"},{"taxonomy":"product_tag","embeddable":true,"href":"https:\/\/personligtfallskydd.se\/en\/wp-json\/wp\/v2\/product_tag?post=1745"}],"curies":[{"name":"wp","href":"https:\/\/api.w.org\/{rel}","templated":true}]}}