{"id":1686,"date":"2024-06-17T04:11:23","date_gmt":"2024-06-17T02:11:23","guid":{"rendered":"https:\/\/personligtfallskydd.se\/?post_type=product&#038;p=1686"},"modified":"2026-04-01T16:46:32","modified_gmt":"2026-04-01T14:46:32","slug":"dbi-sala-trauma-band","status":"publish","type":"product","link":"https:\/\/personligtfallskydd.se\/en\/produkt\/dbi-sala-traumaband\/","title":{"rendered":"trauma belt"},"excerpt":{"rendered":"Salas traumaband f\u00f6r motverkning av h\u00e4ngsyndrom n\u00e4r man har fallit i selen. Enkelt f\u00e4sta p\u00e5 selen via nylon straps. 1st inneh\u00e5ller tv\u00e5 band 140 gram st;Salas traumaband f\u00f6r motverkning av h\u00e4ngsyndrom n\u00e4r man har fallit i selen. Enkelt f\u00e4sta p\u00e5 selen via nylon straps. 1st inneh\u00e5ller tv\u00e5 band 140 gram st;Salas traumaband f\u00f6r motverkning av &#8230;","protected":false},"featured_media":1551,"template":"","meta":{"_acf_changed":false},"product_brand":[423],"product_cat":[67],"product_tag":[],"class_list":{"0":"post-1686","1":"product","2":"type-product","3":"status-publish","4":"has-post-thumbnail","6":"product_brand-dbi-sala","7":"product_cat-tillbehor-fallskyddsselar","9":"first","10":"instock","11":"taxable","12":"shipping-taxable","13":"purchasable","14":"product-type-simple","15":"add-to-wishlist-after_add_to_cart"},"acf":[],"_links":{"self":[{"href":"https:\/\/personligtfallskydd.se\/en\/wp-json\/wp\/v2\/product\/1686","targetHints":{"allow":["GET"]}}],"collection":[{"href":"https:\/\/personligtfallskydd.se\/en\/wp-json\/wp\/v2\/product"}],"about":[{"href":"https:\/\/personligtfallskydd.se\/en\/wp-json\/wp\/v2\/types\/product"}],"wp:featuredmedia":[{"embeddable":true,"href":"https:\/\/personligtfallskydd.se\/en\/wp-json\/wp\/v2\/media\/1551"}],"wp:attachment":[{"href":"https:\/\/personligtfallskydd.se\/en\/wp-json\/wp\/v2\/media?parent=1686"}],"wp:term":[{"taxonomy":"product_brand","embeddable":true,"href":"https:\/\/personligtfallskydd.se\/en\/wp-json\/wp\/v2\/product_brand?post=1686"},{"taxonomy":"product_cat","embeddable":true,"href":"https:\/\/personligtfallskydd.se\/en\/wp-json\/wp\/v2\/product_cat?post=1686"},{"taxonomy":"product_tag","embeddable":true,"href":"https:\/\/personligtfallskydd.se\/en\/wp-json\/wp\/v2\/product_tag?post=1686"}],"curies":[{"name":"wp","href":"https:\/\/api.w.org\/{rel}","templated":true}]}}