{"id":1681,"date":"2024-06-17T04:11:14","date_gmt":"2024-06-17T02:11:14","guid":{"rendered":"https:\/\/personligtfallskydd.se\/?post_type=product&#038;p=1681"},"modified":"2026-04-01T16:24:58","modified_gmt":"2026-04-01T14:24:58","slug":"dbi-sala-quick-wrap-tape-ii-yellow","status":"publish","type":"product","link":"https:\/\/personligtfallskydd.se\/en\/produkt\/dbi-sala-quick-wrap-tape-ii-yellow\/","title":{"rendered":"3M DBI-SALA Quick Wrap Tape"},"excerpt":{"rendered":"Vi k\u00f6per dessa i 10-pack men s\u00e4ljer dom som styck. D\u00e4rf\u00f6r delas ink\u00f6pspriset upp i 10. ;Vi k\u00f6per dessa i 10-pack men s\u00e4ljer dom som styck. D\u00e4rf\u00f6r delas ink\u00f6pspriset upp i 10.;Vi k\u00f6per dessa i 10-pack men s\u00e4ljer dom som styck. D\u00e4rf\u00f6r delas ink\u00f6pspriset upp i 10.","protected":false},"featured_media":1608,"template":"","meta":{"_acf_changed":false},"product_brand":[423],"product_cat":[80],"product_tag":[],"class_list":{"0":"post-1681","1":"product","2":"type-product","3":"status-publish","4":"has-post-thumbnail","6":"product_brand-dbi-sala","7":"product_cat-verktygssakring","9":"first","10":"onbackorder","11":"taxable","12":"shipping-taxable","13":"purchasable","14":"product-type-simple","15":"add-to-wishlist-after_add_to_cart"},"acf":[],"_links":{"self":[{"href":"https:\/\/personligtfallskydd.se\/en\/wp-json\/wp\/v2\/product\/1681","targetHints":{"allow":["GET"]}}],"collection":[{"href":"https:\/\/personligtfallskydd.se\/en\/wp-json\/wp\/v2\/product"}],"about":[{"href":"https:\/\/personligtfallskydd.se\/en\/wp-json\/wp\/v2\/types\/product"}],"wp:featuredmedia":[{"embeddable":true,"href":"https:\/\/personligtfallskydd.se\/en\/wp-json\/wp\/v2\/media\/1608"}],"wp:attachment":[{"href":"https:\/\/personligtfallskydd.se\/en\/wp-json\/wp\/v2\/media?parent=1681"}],"wp:term":[{"taxonomy":"product_brand","embeddable":true,"href":"https:\/\/personligtfallskydd.se\/en\/wp-json\/wp\/v2\/product_brand?post=1681"},{"taxonomy":"product_cat","embeddable":true,"href":"https:\/\/personligtfallskydd.se\/en\/wp-json\/wp\/v2\/product_cat?post=1681"},{"taxonomy":"product_tag","embeddable":true,"href":"https:\/\/personligtfallskydd.se\/en\/wp-json\/wp\/v2\/product_tag?post=1681"}],"curies":[{"name":"wp","href":"https:\/\/api.w.org\/{rel}","templated":true}]}}